{"id":75532,"date":"2024-05-03T14:34:12","date_gmt":"2024-05-03T12:34:12","guid":{"rendered":"https:\/\/safeblood.pt\/?page_id=75532"},"modified":"2024-05-13T19:46:33","modified_gmt":"2024-05-13T17:46:33","slug":"mapa-de-dadores-de-sangue","status":"publish","type":"page","link":"https:\/\/safeblood.pt\/pt-pt\/mapa-de-dadores-de-sangue\/","title":{"rendered":"Mapa de dadores de sangue"},"content":{"rendered":"[vc_row type=&#8221;in_container&#8221; full_screen_row_position=&#8221;middle&#8221; column_margin=&#8221;default&#8221; column_direction=&#8221;default&#8221; column_direction_tablet=&#8221;default&#8221; column_direction_phone=&#8221;default&#8221; scene_position=&#8221;center&#8221; text_color=&#8221;dark&#8221; text_align=&#8221;left&#8221; row_border_radius=&#8221;none&#8221; row_border_radius_applies=&#8221;bg&#8221; overlay_strength=&#8221;0.3&#8243; gradient_direction=&#8221;left_to_right&#8221; shape_divider_position=&#8221;bottom&#8221; bg_image_animation=&#8221;none&#8221;][vc_column column_padding=&#8221;no-extra-padding&#8221; column_padding_tablet=&#8221;inherit&#8221; column_padding_phone=&#8221;inherit&#8221; column_padding_position=&#8221;all&#8221; top_margin=&#8221;-20&#8243; column_element_spacing=&#8221;default&#8221; background_color_opacity=&#8221;1&#8243; background_hover_color_opacity=&#8221;1&#8243; column_shadow=&#8221;none&#8221; column_border_radius=&#8221;none&#8221; column_link_target=&#8221;_self&#8221; gradient_direction=&#8221;left_to_right&#8221; overlay_strength=&#8221;0.3&#8243; width=&#8221;1\/1&#8243; tablet_width_inherit=&#8221;default&#8221; tablet_text_alignment=&#8221;default&#8221; phone_text_alignment=&#8221;default&#8221; bg_image_animation=&#8221;none&#8221; border_type=&#8221;simple&#8221; column_border_width=&#8221;none&#8221; column_border_style=&#8221;solid&#8221;][vc_column_text]\n<p class=\"p1\">Nesta p\u00e1gina pode procurar um doador de sangue n\u00e3o vacinado compat\u00edvel, no mundo inteiro. Por enquanto, voc\u00ea encontrar\u00e1 apenas membros do SafeBlood Donation, subdividido em\u00a0<b>Safeblood International (\u00a0<\/b><a href=\"https:\/\/safeblood.net\/pt-pt\/\" target=\"_blank\" rel=\"noopener\"><span class=\"s1\"><b>safeblood.net<\/b><\/span>\u00a0<\/a>ou safeblood.dom\u00ednio do seu pa\u00eds, por exemplo,\u00a0<a href=\"https:\/\/safeblood.pt\/pt-pt\/\" target=\"_blank\" rel=\"noopener\"><span class=\"s1\">safeblood.pt<\/span><\/a>\u00a0), para qualquer lugar do mundo, excepto Estados Unidos da Am\u00e9rica, e\u00a0<b>SafeBlood USA (\u00a0<\/b><a href=\"https:\/\/safeblood.com\/\" target=\"_blank\" rel=\"noopener\"><span class=\"s1\"><b>safeblood.com<\/b><\/span><\/a><b> )<\/b>\u00a0somente para os EUA.<br \/>\nNuma fase posterior, incluiremos membros de outros servi\u00e7os de doa\u00e7\u00e3o de sangue n\u00e3o vax, caso tamb\u00e9m desejem ser aqui referenciados. Ao clicar num potencial doador no mapa, ver\u00e1 a afilia\u00e7\u00e3o \u00e0 respectiva organiza\u00e7\u00e3o.<\/p>\n<p class=\"p1\">Se, \u00e9 membro do SafeBlood, encontrar\u00e1 um mapa de pesquisa de sangue refinado e mais r\u00e1pido na sua \u00e1rea de membro\u00a0<a href=\"https:\/\/safeblood.net\/pt-pt\/procurar-dador-de-sangue\/\" target=\"_blank\" rel=\"noopener\"><span class=\"s1\">aqui<\/span><\/a> , que tamb\u00e9m permite solicitar um doador de sangue directamente nesta p\u00e1gina, com um tempo de resposta de apenas algumas horas. Logicamente, apenas os membros do SafeBlood s\u00e3o mostrados nesta p\u00e1gina como doadores correspondentes com uma solicita\u00e7\u00e3o de contacto directo. No entanto, n\u00e3o-membros tamb\u00e9m podem usar esta p\u00e1gina de pesquisa; s\u00e3o oferecidas mais op\u00e7\u00f5es e permite, por exemplo, pesquisar por pa\u00eds, regi\u00e3o ou por todos os grupos sangu\u00edneos simultaneamente, ao mesmo tempo em que exibe resultados de todas as associa\u00e7\u00f5es participantes.<\/p>\n[\/vc_column_text][\/vc_column][\/vc_row][vc_row type=&#8221;in_container&#8221; full_screen_row_position=&#8221;middle&#8221; column_margin=&#8221;default&#8221; column_direction=&#8221;default&#8221; column_direction_tablet=&#8221;default&#8221; column_direction_phone=&#8221;default&#8221; scene_position=&#8221;center&#8221; text_color=&#8221;dark&#8221; text_align=&#8221;left&#8221; row_border_radius=&#8221;none&#8221; row_border_radius_applies=&#8221;bg&#8221; overlay_strength=&#8221;0.3&#8243; gradient_direction=&#8221;left_to_right&#8221; shape_divider_position=&#8221;bottom&#8221; bg_image_animation=&#8221;none&#8221;][vc_column column_padding=&#8221;no-extra-padding&#8221; column_padding_tablet=&#8221;inherit&#8221; column_padding_phone=&#8221;inherit&#8221; column_padding_position=&#8221;all&#8221; top_margin=&#8221;-20&#8243; column_element_spacing=&#8221;default&#8221; background_color_opacity=&#8221;1&#8243; background_hover_color_opacity=&#8221;1&#8243; column_shadow=&#8221;none&#8221; column_border_radius=&#8221;none&#8221; column_link_target=&#8221;_self&#8221; gradient_direction=&#8221;left_to_right&#8221; overlay_strength=&#8221;0.3&#8243; width=&#8221;1\/1&#8243; tablet_width_inherit=&#8221;default&#8221; tablet_text_alignment=&#8221;default&#8221; phone_text_alignment=&#8221;default&#8221; bg_image_animation=&#8221;none&#8221; border_type=&#8221;simple&#8221; column_border_width=&#8221;none&#8221; column_border_style=&#8221;solid&#8221;][vc_column_text]<a name=\"sbusms\"><\/a><div class=\"safeblood-us-map-search-form\"><form action=\"#sbusms\" method=\"post\"><div class=\"sbusms-blood-type-container\"><div class=\"sbusms-blood-type-label\"><h2>Tipo de nota.<\/h2><\/div><div class=\"sbusms-blood-type-options\"><div><button type=\"button\" data-blood-type=\"0-\">O-<\/button><\/div><div><button type=\"button\" data-blood-type=\"0+\">O+<\/button><\/div><div><button type=\"button\" data-blood-type=\"A-\">A-<\/button><\/div><div><button type=\"button\" data-blood-type=\"A+\">A+<\/button><\/div><div><button type=\"button\" data-blood-type=\"B-\">B-<\/button><\/div><div><button type=\"button\" data-blood-type=\"B+\">B+<\/button><\/div><div><button type=\"button\" data-blood-type=\"AB-\">AB-<\/button><\/div><div><button type=\"button\" data-blood-type=\"AB+\" class=\"bt-selected\" >AB+<\/button><\/div><script>\r\n(function($) {\r\njQuery('.sbusms-blood-type-options button').on('click', function() {\r\njQuery('.sbusms-blood-type-options [name=blood_type]').val(jQuery(this).attr('data-blood-type'));\r\njQuery('.sbusms-blood-type-options button').removeClass('bt-selected');\r\njQuery(this).addClass('bt-selected');\r\nsafebloodMapGetData();\r\n});\r\njQuery(document).on('click', '.sbusms-submit-button', function(e) {\r\nsafebloodMapGetData();return false;\r\n});\r\n})(jQuery);\r\n<\/script>\r\n<input type=\"hidden\" name=\"blood_type\" value=\"AB+\" \/><\/div><\/div><div class=\"sbusms-location-container\"><div class=\"sbusms-location-label\"><h2>A sua localiza\u00e7\u00e3o<\/h2><\/div><div class=\"sbusms-location-wrap\"><input id=\"sbusms-user-location\" name=\"user_location\" placeholder=\"Cidade de envio\" value=\"\">\r\n<input type=\"hidden\" id=\"sbusms-user-lat\" name=\"user_lat\" value=\"\" \/>\r\n<input type=\"hidden\" id=\"sbusms-user-lng\" name=\"user_lng\" value=\"\" \/>\r\n<\/div><script>\r\n(function($) {\r\nsbusms_autocomplete('sbusms-user-location', 'sbusms-user-lat', 'sbusms-user-lng');\r\n})(jQuery);\r\n<\/script>\r\n<div class=\"sbusms-submit-wrap\"><input type=\"submit\" class=\"sbusms-submit-button\" name=\"safeblood_us_map_search\" value=\"Pesquisar\" \/><\/div><\/div><\/form><\/div><div class=\"safeblood-us-map-search-result\"><div id=\"safeblood-map\"><\/div><div class=\"small-text\">Exibindo combina\u00e7\u00f5es compat\u00edveis com seu tipo sangu\u00edneo. As localiza\u00e7\u00f5es s\u00e3o aproximadas.<\/div><\/div><script>\r\nvar sbMapContainer = document.getElementById('safeblood-map');\r\nsbMapContainer.style = 'height:58vH;';\r\nvar sbMap = L.map(sbMapContainer);\r\nL.tileLayer('https:\/\/{s}.tile.osm.org\/{z}\/{x}\/{y}.png', {}).addTo(sbMap);\r\nvar sbMapCenter = L.latLng('39.833333', '-48.583333');\r\nsbMap.setView(sbMapCenter, 2)\r\nvar markers = L.layerGroup();function safebloodMapGetData() {\r\nvar postData = {\r\n'blood_type': jQuery('input[name=blood_type]').val(),\r\n'user_lat': jQuery('input[name=user_lat]').val(),\r\n'user_lng': jQuery('input[name=user_lng]').val(),\r\n};\r\njQuery.ajax({\r\ntype: 'post',\r\nurl: '\/wp-admin\/admin-ajax.php',\r\ndata: {action: 'safeblood_map_search_data', postData},\r\nsuccess: function(response) {\r\nif (postData.user_lat && postData.user_lng) {\r\nvar sbMapCenter = L.latLng(postData.user_lat, postData.user_lng);\r\nsbMap.setView(sbMapCenter, 10)\r\n} else {\r\nvar sbMapCenter = L.latLng('39.833333', '-48.583333');\r\nsbMap.setView(sbMapCenter, 2)\r\n}\r\nresponse = JSON.parse(response);\r\nif (response.errors) {\r\nresponse.errors.forEach(function (error) {\r\nconsole.log(error);\r\n});\r\n}\r\nif (response.markers) {\r\nmarkers.clearLayers();\r\nresponse.markers.forEach(function (item) {\r\nvar marker = L.marker([item.lat, item.lng]);\r\nmarker.bindPopup(item.popup);\r\nmarker.addTo(markers);\r\n});\r\nsbMap.addLayer(markers);\r\n}\r\n}\r\n});\r\n}\r\nsafebloodMapGetData();\r\n<\/script>\r\n[\/vc_column_text][\/vc_column][\/vc_row]\n","protected":false},"excerpt":{"rendered":"<p>[vc_row type=&#8221;in_container&#8221; full_screen_row_position=&#8221;middle&#8221; column_margin=&#8221;default&#8221; column_direction=&#8221;default&#8221; column_direction_tablet=&#8221;default&#8221; column_direction_phone=&#8221;default&#8221; scene_position=&#8221;center&#8221; text_color=&#8221;dark&#8221; text_align=&#8221;left&#8221; row_border_radius=&#8221;none&#8221; row_border_radius_applies=&#8221;bg&#8221; overlay_strength=&#8221;0.3&#8243; gradient_direction=&#8221;left_to_right&#8221; shape_divider_position=&#8221;bottom&#8221; bg_image_animation=&#8221;none&#8221;][vc_column column_padding=&#8221;no-extra-padding&#8221; column_padding_tablet=&#8221;inherit&#8221; column_padding_phone=&#8221;inherit&#8221; column_padding_position=&#8221;all&#8221; top_margin=&#8221;-20&#8243; column_element_spacing=&#8221;default&#8221; background_color_opacity=&#8221;1&#8243; background_hover_color_opacity=&#8221;1&#8243; column_shadow=&#8221;none&#8221; column_border_radius=&#8221;none&#8221; column_link_target=&#8221;_self&#8221; gradient_direction=&#8221;left_to_right&#8221; overlay_strength=&#8221;0.3&#8243; width=&#8221;1\/1&#8243;&#8230;<\/p>\n","protected":false},"author":2,"featured_media":0,"parent":0,"menu_order":0,"comment_status":"closed","ping_status":"closed","template":"","meta":[],"_links":{"self":[{"href":"https:\/\/safeblood.pt\/pt-pt\/wp-json\/wp\/v2\/pages\/75532"}],"collection":[{"href":"https:\/\/safeblood.pt\/pt-pt\/wp-json\/wp\/v2\/pages"}],"about":[{"href":"https:\/\/safeblood.pt\/pt-pt\/wp-json\/wp\/v2\/types\/page"}],"author":[{"embeddable":true,"href":"https:\/\/safeblood.pt\/pt-pt\/wp-json\/wp\/v2\/users\/2"}],"replies":[{"embeddable":true,"href":"https:\/\/safeblood.pt\/pt-pt\/wp-json\/wp\/v2\/comments?post=75532"}],"version-history":[{"count":4,"href":"https:\/\/safeblood.pt\/pt-pt\/wp-json\/wp\/v2\/pages\/75532\/revisions"}],"predecessor-version":[{"id":76043,"href":"https:\/\/safeblood.pt\/pt-pt\/wp-json\/wp\/v2\/pages\/75532\/revisions\/76043"}],"wp:attachment":[{"href":"https:\/\/safeblood.pt\/pt-pt\/wp-json\/wp\/v2\/media?parent=75532"}],"curies":[{"name":"wp","href":"https:\/\/api.w.org\/{rel}","templated":true}]}}