{"id":75763,"date":"2024-05-06T13:22:06","date_gmt":"2024-05-06T11:22:06","guid":{"rendered":"https:\/\/safeblood.pt\/?page_id=75763"},"modified":"2026-02-01T18:42:11","modified_gmt":"2026-02-01T17:42:11","slug":"renovar-cuota-de-membresia","status":"publish","type":"page","link":"https:\/\/safeblood.pt\/es\/renovar-cuota-de-membresia\/","title":{"rendered":"Renovar cuota de membres\u00eda"},"content":{"rendered":"[vc_row type=\u00bbin_container\u00bb full_screen_row_position=\u00bbmiddle\u00bb column_margin=\u00bbdefault\u00bb column_direction=\u00bbdefault\u00bb column_direction_tablet=\u00bbdefault\u00bb column_direction_phone=\u00bbdefault\u00bb scene_position=\u00bbcenter\u00bb text_color=\u00bbdark\u00bb text_align=\u00bbleft\u00bb row_border_radius=\u00bbnone\u00bb row_border_radius_applies=\u00bbbg\u00bb overlay_strength=\u00bb0.3&#8243; gradient_direction=\u00bbleft_to_right\u00bb shape_divider_position=\u00bbbottom\u00bb bg_image_animation=\u00bbnone\u00bb][vc_column column_padding=\u00bbno-extra-padding\u00bb column_padding_tablet=\u00bbinherit\u00bb column_padding_phone=\u00bbinherit\u00bb column_padding_position=\u00bball\u00bb column_element_spacing=\u00bbdefault\u00bb background_color_opacity=\u00bb1&#8243; background_hover_color_opacity=\u00bb1&#8243; column_shadow=\u00bbnone\u00bb column_border_radius=\u00bbnone\u00bb column_link_target=\u00bb_self\u00bb gradient_direction=\u00bbleft_to_right\u00bb overlay_strength=\u00bb0.3&#8243; width=\u00bb1\/1&#8243; tablet_width_inherit=\u00bbdefault\u00bb tablet_text_alignment=\u00bbdefault\u00bb phone_text_alignment=\u00bbdefault\u00bb bg_image_animation=\u00bbnone\u00bb border_type=\u00bbsimple\u00bb column_border_width=\u00bbnone\u00bb column_border_style=\u00bbsolid\u00bb][vc_text_separator title=\u00bbRenueva tu cuota de membres\u00eda aqu\u00ed\u00bb][\/vc_column][\/vc_row][vc_row type=\u00bbin_container\u00bb full_screen_row_position=\u00bbmiddle\u00bb column_margin=\u00bbdefault\u00bb column_direction=\u00bbdefault\u00bb column_direction_tablet=\u00bbdefault\u00bb column_direction_phone=\u00bbdefault\u00bb scene_position=\u00bbcenter\u00bb text_color=\u00bbdark\u00bb text_align=\u00bbleft\u00bb row_border_radius=\u00bbnone\u00bb row_border_radius_applies=\u00bbbg\u00bb overlay_strength=\u00bb0.3&#8243; gradient_direction=\u00bbleft_to_right\u00bb shape_divider_position=\u00bbbottom\u00bb bg_image_animation=\u00bbnone\u00bb][vc_column column_padding=\u00bbno-extra-padding\u00bb column_padding_tablet=\u00bbinherit\u00bb column_padding_phone=\u00bbinherit\u00bb column_padding_position=\u00bball\u00bb column_element_spacing=\u00bbdefault\u00bb background_color_opacity=\u00bb1&#8243; background_hover_color_opacity=\u00bb1&#8243; column_shadow=\u00bbnone\u00bb column_border_radius=\u00bbnone\u00bb column_link_target=\u00bb_self\u00bb gradient_direction=\u00bbleft_to_right\u00bb overlay_strength=\u00bb0.3&#8243; width=\u00bb1\/1&#8243; tablet_width_inherit=\u00bbdefault\u00bb tablet_text_alignment=\u00bbdefault\u00bb phone_text_alignment=\u00bbdefault\u00bb bg_image_animation=\u00bbnone\u00bb border_type=\u00bbsimple\u00bb column_border_width=\u00bbnone\u00bb column_border_style=\u00bbsolid\u00bb][vc_column_text]Como asociaci\u00f3n sin \u00e1nimo de lucro, dependemos de nuestros miembros para pagar las cuotas de membres\u00eda que cubren nuestros costos operativos de infraestructura y mano de obra. Estas contribuciones son vitales ya que nos permiten continuar con nuestra misi\u00f3n y mantener nuestro servicio. A trav\u00e9s de tu apoyo, nos ayudas activamente a alcanzar nuestros objetivos y a tener un impacto positivo en nuestra comunidad. Estamos agradecidos por tu compromiso y apoyo financiero, que nos permite continuar con nuestra labor ben\u00e9fica y marcar la diferencia.[\/vc_column_text][\/vc_column][\/vc_row][vc_row type=\u00bbin_container\u00bb full_screen_row_position=\u00bbmiddle\u00bb column_margin=\u00bbdefault\u00bb column_direction=\u00bbdefault\u00bb column_direction_tablet=\u00bbdefault\u00bb column_direction_phone=\u00bbdefault\u00bb scene_position=\u00bbcenter\u00bb text_color=\u00bbdark\u00bb text_align=\u00bbleft\u00bb row_border_radius=\u00bbnone\u00bb row_border_radius_applies=\u00bbbg\u00bb overlay_strength=\u00bb0.3&#8243; gradient_direction=\u00bbleft_to_right\u00bb shape_divider_position=\u00bbbottom\u00bb bg_image_animation=\u00bbnone\u00bb][vc_column column_padding=\u00bbno-extra-padding\u00bb column_padding_tablet=\u00bbinherit\u00bb column_padding_phone=\u00bbinherit\u00bb column_padding_position=\u00bball\u00bb column_element_spacing=\u00bbdefault\u00bb background_color_opacity=\u00bb1&#8243; background_hover_color_opacity=\u00bb1&#8243; column_shadow=\u00bbnone\u00bb column_border_radius=\u00bbnone\u00bb column_link_target=\u00bb_self\u00bb gradient_direction=\u00bbleft_to_right\u00bb overlay_strength=\u00bb0.3&#8243; width=\u00bb1\/2&#8243; tablet_width_inherit=\u00bbdefault\u00bb tablet_text_alignment=\u00bbdefault\u00bb phone_text_alignment=\u00bbdefault\u00bb bg_image_animation=\u00bbnone\u00bb border_type=\u00bbsimple\u00bb column_border_width=\u00bbnone\u00bb column_border_style=\u00bbsolid\u00bb][vc_column_text]Como se menciona m\u00e1s abajo, la cuota de socio es de 50 euros\/francos suizos por socio adulto al a\u00f1o, refiri\u00e9ndose al a\u00f1o natural, es decir, del 1 de enero al 31 de diciembre del a\u00f1o en curso.<\/p>\n<p>Si te conviertes en miembro en diciembre, tambi\u00e9n contaremos tu contribuci\u00f3n para todo el a\u00f1o siguiente.[\/vc_column_text][\/vc_column][vc_column column_padding=\u00bbno-extra-padding\u00bb column_padding_tablet=\u00bbinherit\u00bb column_padding_phone=\u00bbinherit\u00bb column_padding_position=\u00bball\u00bb column_element_spacing=\u00bbdefault\u00bb background_color_opacity=\u00bb1&#8243; background_hover_color_opacity=\u00bb1&#8243; column_shadow=\u00bbnone\u00bb column_border_radius=\u00bbnone\u00bb column_link_target=\u00bb_self\u00bb gradient_direction=\u00bbleft_to_right\u00bb overlay_strength=\u00bb0.3&#8243; width=\u00bb1\/2&#8243; tablet_width_inherit=\u00bbdefault\u00bb tablet_text_alignment=\u00bbdefault\u00bb phone_text_alignment=\u00bbdefault\u00bb bg_image_animation=\u00bbnone\u00bb border_type=\u00bbsimple\u00bb column_border_width=\u00bbnone\u00bb column_border_style=\u00bbsolid\u00bb][vc_column_text]<div class=\"payment-history\">Los pagos ya realizados con su cuenta:<table><tr><td><b>Total: (CHF\/\u20ac\/US$) <\/b><\/td><td>0<\/td><tr><td colspan=2><hr><\/td><tr><tr><th>Cuota de membres\u00eda<\/th><th><\/th><\/tr><tr><td>2024<\/td><td><\/td><tr><tr><td>2025<\/td><td><\/td><tr><tr><td>2026<\/td><td><\/td><tr><\/table>Los pagos con tarjeta de cr\u00e9dito se muestran en un plazo de 2 d\u00edas, las transferencias bancarias, PayPal, etc. s\u00f3lo despu\u00e9s de la verificaci\u00f3n manual, que puede tardar de 1 a 2 semanas.<\/div>[\/vc_column_text][\/vc_column][\/vc_row][vc_row type=\u00bbin_container\u00bb full_screen_row_position=\u00bbmiddle\u00bb column_margin=\u00bbdefault\u00bb column_direction=\u00bbdefault\u00bb column_direction_tablet=\u00bbdefault\u00bb column_direction_phone=\u00bbdefault\u00bb scene_position=\u00bbcenter\u00bb text_color=\u00bbdark\u00bb text_align=\u00bbleft\u00bb row_border_radius=\u00bbnone\u00bb row_border_radius_applies=\u00bbbg\u00bb overlay_strength=\u00bb0.3&#8243; gradient_direction=\u00bbleft_to_right\u00bb shape_divider_position=\u00bbbottom\u00bb bg_image_animation=\u00bbnone\u00bb][vc_column column_padding=\u00bbno-extra-padding\u00bb column_padding_tablet=\u00bbinherit\u00bb column_padding_phone=\u00bbinherit\u00bb column_padding_position=\u00bball\u00bb column_element_spacing=\u00bbdefault\u00bb background_color_opacity=\u00bb1&#8243; background_hover_color_opacity=\u00bb1&#8243; column_shadow=\u00bbnone\u00bb column_border_radius=\u00bbnone\u00bb column_link_target=\u00bb_self\u00bb gradient_direction=\u00bbleft_to_right\u00bb overlay_strength=\u00bb0.3&#8243; width=\u00bb1\/6&#8243; tablet_width_inherit=\u00bbdefault\u00bb tablet_text_alignment=\u00bbdefault\u00bb phone_text_alignment=\u00bbdefault\u00bb bg_image_animation=\u00bbnone\u00bb border_type=\u00bbsimple\u00bb column_border_width=\u00bbnone\u00bb column_border_style=\u00bbsolid\u00bb][\/vc_column][vc_column column_padding=\u00bbno-extra-padding\u00bb column_padding_tablet=\u00bbinherit\u00bb column_padding_phone=\u00bbinherit\u00bb column_padding_position=\u00bball\u00bb column_element_spacing=\u00bbdefault\u00bb background_color_opacity=\u00bb1&#8243; background_hover_color_opacity=\u00bb1&#8243; column_shadow=\u00bbnone\u00bb column_border_radius=\u00bbnone\u00bb column_link_target=\u00bb_self\u00bb gradient_direction=\u00bbleft_to_right\u00bb overlay_strength=\u00bb0.3&#8243; width=\u00bb2\/3&#8243; tablet_width_inherit=\u00bbdefault\u00bb tablet_text_alignment=\u00bbdefault\u00bb phone_text_alignment=\u00bbdefault\u00bb bg_image_animation=\u00bbnone\u00bb border_type=\u00bbsimple\u00bb column_border_width=\u00bbnone\u00bb column_border_style=\u00bbsolid\u00bb][vc_column_text]\t<div class=\"asp_product_item\">\n\t\t<div class=\"asp_product_item_top\">\n\t\t<div class=\"asp_product_item_thumbnail\">\n\t\t\t\n\t\t<\/div>\n\t\t<div class=\"asp_product_name\">\n\t\t\tCuota de membres\u00eda de SafeBlood\n\t\t<\/div>\n\t\t<\/div>\n\t\t<div style=\"clear:both;\"><\/div>\n\t\t<div class=\"asp_product_description\">\n\t\t<p>El precio de la cuota de socio de SafeBlood es de 50 euros\/francos suizos al a\u00f1o por cada socio adulto, que se factura por a\u00f1o natural ((\u00c1frica 20 USD). Los ni\u00f1os y j\u00f3venes menores de 18 a\u00f1os o que a\u00fan est\u00e9n cursando estudios no pagan cuota.<\/p>\n<p>Este importe es v\u00e1lido desde 2025. Si se hizo socio antes de 2025, los 50 euros\/francos suizos eran solo una recomendaci\u00f3n. Usted mismo pod\u00eda decidir qu\u00e9 importe quer\u00eda transferirnos anualmente como cuota de socio. Muchos socios lo encontraban demasiado complicado y deseaban una cuota anual fija. Esto se aplica desde 2025. Si se hizo socio antes de esa fecha, se le siguen aplicando las condiciones vigentes en el momento de su afiliaci\u00f3n a SafeBlood, lo que en su caso significa que puede seguir determinando usted mismo el importe de su cuota. Si puede permitirse la cuota mencionada anteriormente, por supuesto que nos alegramos.<\/p>\n<p>Si desea hacerse miembro pero no puede permit\u00edrselo, env\u00edenos un <a href=\"mailto:info@safeblood.net\" target=\"_blank\" rel=\"noopener\">correo electr\u00f3nico<\/a> y solicite una membres\u00eda gratuita o una cuota reducida. Somos conscientes de que hay casos en los que esto es necesario.<\/p>\n<p>Puedes transferir a nuestra cuenta en Post Finance, pagar con Paypal, Bitcoin o Unvaxcoin, as\u00ed como pagar con tarjeta de cr\u00e9dito utilizando el bot\u00f3n a continuaci\u00f3n.<br \/>\nPor supuesto, apreciamos que transfieras directamente a la cuenta de Post Finance, ya que as\u00ed tenemos los gastos m\u00e1s peque\u00f1os; la mayor parte de tu contribuci\u00f3n cumple as\u00ed su prop\u00f3sito real.<\/p>\n<hr \/>\n<p><span style=\"color: #ff0000;\"><strong>TARJETA DE CR\u00c9DITO:<br \/>\n<\/strong><\/span>Para transferencias con tarjeta de cr\u00e9dito, despl\u00e1zate hacia abajo y presiona <span style=\"color: #ff0000;\">el bot\u00f3n rojo de Pago con Tarjeta de Cr\u00e9dito<\/span>.<\/p>\n<hr \/>\n<p><span style=\"color: #ff0000;\"><strong>TRANSFERENCIA BANCARIA \/ CHF<\/strong>:<br \/>\n<\/span>Nuestra cuenta en Post Finance para transferencias en CHF es<\/p>\n<p><strong>CH96 0900 0000 1586 7596 5<br \/>\n<\/strong>SafeBlood, Ankenweid 29, 8041 Z\u00farich<\/p>\n<p>Para pagos desde el extranjero, tambi\u00e9n necesitas lo siguiente<\/p>\n<p>C\u00f3digo BIC (SWIFT): :\u00a0\u00a0 POFICHBEXXX<br \/>\nNombre del banco: PostFinance AG, Mingerstrasse 20, CH-3030 Berna, Suiza<\/p>\n<p><a href=\"https:\/\/safeblood.pt\/wp-content\/uploads\/2024\/02\/QR-code-postfinance.jpg\"><img class=\"alignleft size-thumbnail wp-image-73974\" src=\"https:\/\/safeblood.pt\/wp-content\/uploads\/2024\/02\/QR-code-postfinance-150x150.jpg\" alt=\"\" width=\"150\" height=\"150\" \/><\/a><\/p>\n<p>Para pagos a la cuenta postal, por favor indica el prop\u00f3sito de tu pago: Cuota de Membres\u00eda 2026<\/p>\n<hr \/>\n<p><span style=\"color: #ff0000;\"><strong>TRANSFERENCIA BANCARIA \/ EURO (\u20ac)<\/strong>:<br \/>\n<\/span>Nuestra cuenta en Post Finance para transferencias en EURO es<\/p>\n<p><strong>CH54 0900 0000 1686 2698 1<br \/>\n<\/strong>SafeBlood, Ankenweid 29, 8041 Z\u00farich<\/p>\n<p>Para pagos desde el extranjero, tambi\u00e9n necesitas lo siguiente<\/p>\n<p>C\u00f3digo BIC (SWIFT): :\u00a0\u00a0 POFICHBEXXX<br \/>\nNombre del banco: PostFinance AG, Mingerstrasse 20, CH-3030 Berna, Suiza<\/p>\n<p><a href=\"https:\/\/safeblood.pt\/wp-content\/uploads\/2026\/04\/QR-code-postfinance-eurokonto.jpg\"><img class=\"wp-image-82075 size-thumbnail alignleft\" src=\"https:\/\/safeblood.pt\/wp-content\/uploads\/2026\/04\/QR-code-postfinance-eurokonto-150x150.jpg\" alt=\"\" width=\"150\" height=\"150\" \/><\/a><\/p>\n<p>Para pagos a la cuenta postal, por favor indica el prop\u00f3sito de tu pago: Cuota de Membres\u00eda 2026<\/p>\n<hr \/>\n<p><span style=\"color: #ff0000;\"><strong>PAYPAL:<br \/>\n<\/strong><\/span>Para transferir con PayPal haz clic en el bot\u00f3n \"Donar\" o escanea el c\u00f3digo QR con la app de Paypal:<\/p>\n<div >\n<form target='_blank' action='https:\/\/www.paypal.com\/cgi-bin\/webscr' method='post'><input type='hidden' name='cmd' value='_donations' \/><input type='hidden' name='business' value='george@safeblood.net' \/><input type='hidden' name='item_name' value='Donaci\u00f3n' \/><input type='hidden' name='item_number' value='' \/><input type='hidden' name='currency_code' value='EUR' \/><input type='hidden' name='amount' id='amount_eb3497140b6d5267d6e729b7cfc3b7c6' value='' \/><input type='hidden' name='no_note' value='0'><input type='hidden' name='no_shipping' value='1'><input type='hidden' name='notify_url' value='https:\/\/safeblood.pt\/wp-admin\/admin-post.php?action=add_wpedon_button_ipn'><input type='hidden' name='lc' value='es_ES'><input type='hidden' name='bn' value='WPPlugin_SP'><input type='hidden' name='return' value='' \/><input type='hidden' name='cancel_return' value='' \/><input class='wpedon_paypalbuttonimage' type='image' src='https:\/\/www.paypal.com\/es_ES\/ES\/i\/btn\/btn_donate_LG.gif' border='0' name='submit' alt='Make your payments with PayPal. It is free, secure, effective.' style='border: none;'><img alt='' border='0' style='border:none;display:none;' src='https:\/\/www.paypal.com\/es_ES\/i\/scr\/pixel.gif' width='1' height='1'><\/form>\n<\/div>\n<p><a href=\"https:\/\/safeblood.pt\/wp-content\/uploads\/2025\/07\/qrcode.png\"><img class=\"alignleft wp-image-80100\" src=\"https:\/\/safeblood.pt\/wp-content\/uploads\/2025\/07\/qrcode-150x150.png\" alt=\"\" width=\"229\" height=\"229\" \/><\/a><\/p>\n<hr \/>\n<p><span style=\"color: #ff0000;\"><strong>BITCOIN:<br \/>\n<\/strong><\/span>Nuestra direcci\u00f3n para transferencias de Bitcoin es:<\/p>\n<p><img class=\"alignleft wp-image-69880\" src=\"https:\/\/safeblood.pt\/wp-content\/uploads\/2023\/04\/download.png\" alt=\"\" width=\"207\" height=\"207\" \/><\/p>\n<p><strong>bc1q786u8x2mhu03utewejpq45tnjrqck3shvpn7le<\/strong><\/p>\n<p>Para pagos con Bitcoin, por favor env\u00edanos un <a href=\"mailto:george@dellapietra.net\" target=\"_blank\" rel=\"noopener\">correo electr\u00f3nico<\/a> aqu\u00ed con la cantidad, fecha, tu nombre y el motivo del pago.<\/p>\n<hr \/>\n<p><span style=\"color: #ff0000;\"><strong>UNVAXCOIN:<br \/>\n<\/strong><\/span>Nuestra direcci\u00f3n para transferencias de UNVAXCOIN es:<\/p>\n<p><a href=\"https:\/\/safeblood.pt\/wp-content\/uploads\/2023\/07\/sbqr1.png\"><img class=\"alignleft wp-image-71118\" src=\"https:\/\/safeblood.pt\/wp-content\/uploads\/2023\/07\/sbqr1-150x150.png\" alt=\"\" width=\"208\" height=\"207\" \/><\/a><\/p>\n<p class=\"p1\"><b>rM43qVSpPGsyJjzonFmWWAuDPSz3s2tKUx<br \/>\n<\/b><br \/>\nPara pagos con Unvaxcoin, por favor env\u00edanos un <a href=\"mailto:george@dellapietra.net\" target=\"_blank\" rel=\"noopener\">correo electr\u00f3nico<\/a> aqu\u00ed con la cantidad, fecha, tu nombre y el motivo del pago.<\/p>\n<hr \/>\n<p><span style=\"color: #ff0000;\"><strong>TARJETA DE CR\u00c9DITO:<br \/>\n<\/strong><\/span>Alternativamente, como se mencion\u00f3, por supuesto que tambi\u00e9n puedes pagar con tarjeta de cr\u00e9dito en cualquier moneda utilizando el bot\u00f3n <strong>aqu\u00ed abajo<\/strong>.<\/p>\n\n\t\t<\/div>\n\t\t<div class=\"asp_price_container\">\n\t\t<span class=\"asp_price_amount\"><\/span> <span class=\"asp_new_price_amount\"><\/span> <span class=\"asp_quantity\"><\/span>\n\t\t<div class=\"asp_under_price_line\"><\/div>\n\t\t<\/div>\n\t\t<div class=\"asp_product_buy_button\">\n\t\t<div class=\"asp-processing-cont\" style=\"display:none;\"><span class=\"asp-processing\">Processing <i>.<\/i><i>.<\/i><i>.<\/i><\/span><\/div><form id = 'asp_ng_form_069e217168be0e' class='asp-stripe-form' action = '' METHOD = 'POST'> <input type='hidden' name='asp_product_id' value='75756' \/><div class=\"asp-child-hidden-fields\" style=\"display: none !important;\"><\/div><\/form><div id=\"asp-all-buttons-container-069e217168be0e\" class=\"asp_all_buttons_container\"><div class=\"asp_product_buy_btn_container\"><button id=\"asp_ng_button_069e217168be0e\" type=\"submit\" class=\"credit-card-donation-button\"><span>Pagar con tarjeta de cr\u00e9dito<\/span><\/button><\/div><noscript>Para poder operar, Stripe Payments necesita que el navegador sea compatible con JavaScript.<\/noscript><\/div><div id=\"asp-btn-spinner-container-069e217168be0e\" class=\"asp-btn-spinner-container\" style=\"display: none !important\"><div class=\"asp-btn-spinner\"><div><\/div><div><\/div><div><\/div><div><\/div><\/div><\/div><script>var asp_data_069e217168be0e = {\"is_live\":true,\"product_id\":\"75756\",\"iframe_url\":\"https:\\\/\\\/safeblood.pt\\\/es\\\/asp-payment-box\\\/?product_id=75756\",\"button_key\":\"4372d8bf1c73bcca49a00f2bd07fcc30\",\"item_price\":0,\"quantity\":1,\"custom_quantity\":\"\",\"description\":\"\",\"descrGenerated\":false,\"shipping\":0,\"tax\":0,\"image\":\"\",\"currency\":\"CHF\",\"currency_variable\":\"1\",\"locale\":\"auto\",\"name\":\"Cuota de membres\\u00eda de SafeBlood\",\"url\":\"\",\"amount\":0,\"billingAddress\":false,\"shippingAddress\":false,\"customer_email\":\"\",\"uniq_id\":\"069e217168be0e\",\"variable\":true,\"zeroCents\":[\"JPY\",\"MGA\",\"VND\",\"KRW\"],\"addonHooks\":[\"recaptcha\"],\"button_text\":\"Pagar con tarjeta de cr\\u00e9dito\",\"out_of_stock\":false,\"stock_control_enabled\":false,\"stock_items\":0,\"currencyFormat\":{\"c\":2,\"d\":\".\",\"t\":\",\",\"s\":\"CHF\",\"pos\":\"left\"},\"displayStr\":{\"tax\":\"%s (impuesto)\",\"ship\":\"%s (env\\u00edo)\"},\"thankyou_page_url\":\"\",\"show_custom_amount_input\":false,\"recaptchaSiteKey\":\"6LfNlfEgAAAAAJCVtvZhjFEaSnxftRmKtPbnUBRs\",\"recaptchaInvisible\":0};if(typeof jQuery!==\"undefined\") {jQuery(document).ready(function() {new stripeHandlerNG(asp_data_069e217168be0e);});} else { if (typeof wpaspInitOnDocReady===\"undefined\") {var wpaspInitOnDocReady=[];} wpaspInitOnDocReady.push(asp_data_069e217168be0e);}<\/script>\n\t\t<\/div>\n\t<\/div>\n\t[\/vc_column_text][\/vc_column][vc_column column_padding=\u00bbno-extra-padding\u00bb column_padding_tablet=\u00bbinherit\u00bb column_padding_phone=\u00bbinherit\u00bb column_padding_position=\u00bball\u00bb column_element_spacing=\u00bbdefault\u00bb background_color_opacity=\u00bb1&#8243; background_hover_color_opacity=\u00bb1&#8243; column_shadow=\u00bbnone\u00bb column_border_radius=\u00bbnone\u00bb column_link_target=\u00bb_self\u00bb gradient_direction=\u00bbleft_to_right\u00bb overlay_strength=\u00bb0.3&#8243; width=\u00bb1\/6&#8243; tablet_width_inherit=\u00bbdefault\u00bb tablet_text_alignment=\u00bbdefault\u00bb phone_text_alignment=\u00bbdefault\u00bb bg_image_animation=\u00bbnone\u00bb border_type=\u00bbsimple\u00bb column_border_width=\u00bbnone\u00bb column_border_style=\u00bbsolid\u00bb][\/vc_column][\/vc_row]\n","protected":false},"excerpt":{"rendered":"<p>Cuota de membres\u00eda de SafeBlood El precio de la cuota de socio de SafeBlood es de 50 euros\/francos suizos al a\u00f1o por cada socio adulto, que se factura por a\u00f1o&#8230;<\/p>\n","protected":false},"author":2,"featured_media":0,"parent":0,"menu_order":0,"comment_status":"closed","ping_status":"closed","template":"","meta":[],"_links":{"self":[{"href":"https:\/\/safeblood.pt\/es\/wp-json\/wp\/v2\/pages\/75763"}],"collection":[{"href":"https:\/\/safeblood.pt\/es\/wp-json\/wp\/v2\/pages"}],"about":[{"href":"https:\/\/safeblood.pt\/es\/wp-json\/wp\/v2\/types\/page"}],"author":[{"embeddable":true,"href":"https:\/\/safeblood.pt\/es\/wp-json\/wp\/v2\/users\/2"}],"replies":[{"embeddable":true,"href":"https:\/\/safeblood.pt\/es\/wp-json\/wp\/v2\/comments?post=75763"}],"version-history":[{"count":6,"href":"https:\/\/safeblood.pt\/es\/wp-json\/wp\/v2\/pages\/75763\/revisions"}],"predecessor-version":[{"id":81628,"href":"https:\/\/safeblood.pt\/es\/wp-json\/wp\/v2\/pages\/75763\/revisions\/81628"}],"wp:attachment":[{"href":"https:\/\/safeblood.pt\/es\/wp-json\/wp\/v2\/media?parent=75763"}],"curies":[{"name":"wp","href":"https:\/\/api.w.org\/{rel}","templated":true}]}}