{"id":75719,"date":"2024-05-06T10:34:52","date_gmt":"2024-05-06T08:34:52","guid":{"rendered":"https:\/\/safeblood.pt\/?page_id=75719"},"modified":"2024-06-03T13:50:35","modified_gmt":"2024-06-03T11:50:35","slug":"lista-de-nuevos-miembros","status":"publish","type":"page","link":"https:\/\/safeblood.pt\/es\/lista-de-nuevos-miembros\/","title":{"rendered":"Lista de nuevos miembros"},"content":{"rendered":"[vc_row type=\u00bbin_container\u00bb full_screen_row_position=\u00bbmiddle\u00bb column_margin=\u00bbdefault\u00bb column_direction=\u00bbdefault\u00bb column_direction_tablet=\u00bbdefault\u00bb column_direction_phone=\u00bbdefault\u00bb scene_position=\u00bbcenter\u00bb text_color=\u00bbdark\u00bb text_align=\u00bbleft\u00bb row_border_radius=\u00bbnone\u00bb row_border_radius_applies=\u00bbbg\u00bb overlay_strength=\u00bb0.3&#8243; gradient_direction=\u00bbleft_to_right\u00bb shape_divider_position=\u00bbbottom\u00bb bg_image_animation=\u00bbnone\u00bb][vc_column column_padding=\u00bbno-extra-padding\u00bb column_padding_tablet=\u00bbinherit\u00bb column_padding_phone=\u00bbinherit\u00bb column_padding_position=\u00bball\u00bb column_element_spacing=\u00bbdefault\u00bb background_color_opacity=\u00bb1&#8243; background_hover_color_opacity=\u00bb1&#8243; column_shadow=\u00bbnone\u00bb column_border_radius=\u00bbnone\u00bb column_link_target=\u00bb_self\u00bb gradient_direction=\u00bbleft_to_right\u00bb overlay_strength=\u00bb0.3&#8243; width=\u00bb1\/1&#8243; tablet_width_inherit=\u00bbdefault\u00bb tablet_text_alignment=\u00bbdefault\u00bb phone_text_alignment=\u00bbdefault\u00bb bg_image_animation=\u00bbnone\u00bb border_type=\u00bbsimple\u00bb column_border_width=\u00bbnone\u00bb column_border_style=\u00bbsolid\u00bb][vc_column_text]<strong>Nos gustar\u00eda dar la bienvenida a nuestros nuevos miembros.<\/strong><\/p>\n<p>Esta p\u00e1gina lista solo a aquellos miembros que han decidido admitir p\u00fablicamente que son miembros de SafeBlood Donation. Gracias por darnos permiso. Necesitamos personas como t\u00fa, porque esta es la \u00fanica forma en que lograremos nuestros objetivos: representar p\u00fablicamente nuestras causas.<b><\/b><\/p>\n<p><em>Aqu\u00ed encontrar\u00e1s a los miembros m\u00e1s nuevos de todo el mundo, con la excepci\u00f3n de EE.UU., aunque all\u00ed tenemos el mayor n\u00famero de miembros de todo el mundo y la mayor tasa de crecimiento: La mayor\u00eda de los estadounidenses temen represalias si se identifican aqu\u00ed como miembros de SafeBlood. Por lo tanto, hemos desactivado por defecto el listado de nuestros nuevos miembros estadounidenses.<\/em>[\/vc_column_text][\/vc_column][\/vc_row][vc_row type=\u00bbin_container\u00bb full_screen_row_position=\u00bbmiddle\u00bb column_margin=\u00bbdefault\u00bb column_direction=\u00bbdefault\u00bb column_direction_tablet=\u00bbdefault\u00bb column_direction_phone=\u00bbdefault\u00bb scene_position=\u00bbcenter\u00bb text_color=\u00bbdark\u00bb text_align=\u00bbleft\u00bb row_border_radius=\u00bbnone\u00bb row_border_radius_applies=\u00bbbg\u00bb overlay_strength=\u00bb0.3&#8243; gradient_direction=\u00bbleft_to_right\u00bb shape_divider_position=\u00bbbottom\u00bb bg_image_animation=\u00bbnone\u00bb][vc_column column_padding=\u00bbno-extra-padding\u00bb column_padding_tablet=\u00bbinherit\u00bb column_padding_phone=\u00bbinherit\u00bb column_padding_position=\u00bball\u00bb column_element_spacing=\u00bbdefault\u00bb background_color_opacity=\u00bb1&#8243; background_hover_color_opacity=\u00bb1&#8243; column_shadow=\u00bbnone\u00bb column_border_radius=\u00bbnone\u00bb column_link_target=\u00bb_self\u00bb gradient_direction=\u00bbleft_to_right\u00bb overlay_strength=\u00bb0.3&#8243; width=\u00bb1\/1&#8243; tablet_width_inherit=\u00bbdefault\u00bb tablet_text_alignment=\u00bbdefault\u00bb phone_text_alignment=\u00bbdefault\u00bb bg_image_animation=\u00bbnone\u00bb border_type=\u00bbsimple\u00bb column_border_width=\u00bbnone\u00bb column_border_style=\u00bbsolid\u00bb][vc_column_text]<div class=\"last-members\"><div class=\"column\" style=\"display: inline-block;width:49%\" ><span class=\"member\">Marcel Brader, Suiza<\/span><br><span class=\"member\">Sabine Geiger, Alemania<\/span><br><span class=\"member\">Siro Levin, Suiza<\/span><br><span class=\"member\">Emma M\u00fcller, Alemania<\/span><br><span class=\"member\">Max M\u00fcller, Alemania<\/span><br><span class=\"member\">Ulrich H\u00e4nni Marugg, Suiza<\/span><br><span class=\"member\">Luzia Marugg H\u00e4nni, Suiza<\/span><br><span class=\"member\">Sybille Krick, Alemania<\/span><br><span class=\"member\">jean marie aubert, Francia<\/span><br><span class=\"member\">mirko castelli, Italia<\/span><br><span class=\"member\">Linda Stelling, Chipre<\/span><br><span class=\"member\">Marianne Schmidlin, Suiza<\/span><br><span class=\"member\">Ruben Blanken, Bonaire, San Eustaquio y Saba<\/span><br><span class=\"member\">Stephan Nilsson, Suecia<\/span><br><span class=\"member\">Jan Heide-Jensen, Alemania<\/span><br><span class=\"member\">Eric Diss, Francia<\/span><br><span class=\"member\">Andr\u00e9 Michel Sperl, Suiza<\/span><br><span class=\"member\">Axel Lewerenz, Alemania<\/span><br><span class=\"member\">Arthur Trentin, Suiza<\/span><br><span class=\"member\">Clifford Fletcher, Canad\u00e1<\/span><br><span class=\"member\">Karin Seiler, Suiza<\/span><br><span class=\"member\">Petra Steinlehner, Suiza<\/span><br><span class=\"member\">Enrico Nurchi, Italia<\/span><br><span class=\"member\">Nila Engel, Suiza<\/span><br><span class=\"member\">Massimo Tatullo, Italia<\/span><br><\/div><div class=\"column\" style=\"display: inline-block;width:49%\" ><span class=\"member\">Monika H\u00e4rdi, Suiza<\/span><br><span class=\"member\">Ursula Eberle, Suiza<\/span><br><span class=\"member\">Christina Pinglot, Pa\u00edses Bajos<\/span><br><span class=\"member\">Hugo Kessler, Suiza<\/span><br><span class=\"member\">Hans Felix Cathrein, Suiza<\/span><br><span class=\"member\">Mich\u00e8le B\u00f6sch, Suiza<\/span><br><span class=\"member\">Marietta Arpagaus, Suiza<\/span><br><span class=\"member\">Alexander Schwenk, Alemania<\/span><br><span class=\"member\">Mary-Ann Lynch, Australia<\/span><br><span class=\"member\">Kathrin Sch\u00f6nland, Alemania<\/span><br><span class=\"member\">mary grace unday, Suiza<\/span><br><span class=\"member\">mercy kony, Suiza<\/span><br><span class=\"member\">Yanil Berchtold, Suiza<\/span><br><span class=\"member\">Elisabeth Sulger B\u00fcel, Suiza<\/span><br><span class=\"member\">Markus Rumel, Alemania<\/span><br><span class=\"member\">Patrick Terren, Francia<\/span><br><span class=\"member\">Alea Santini, Suiza<\/span><br><span class=\"member\">Celio Santini, Suiza<\/span><br><span class=\"member\">Ilana Santini, Suiza<\/span><br><span class=\"member\">Thomas Peter Egli Hais, Suiza<\/span><br><span class=\"member\">Harald W\u00f6ssner, Alemania<\/span><br><span class=\"member\">Katharina Bachofen Heimann, Suiza<\/span><br><span class=\"member\">Urs Rufener, Suiza<\/span><br><span class=\"member\">Maria Wolf, Austria<\/span><br><span class=\"member\">Katharina Straka, Alemania<\/span><br><\/div><\/div>[\/vc_column_text][\/vc_column][\/vc_row]\n","protected":false},"excerpt":{"rendered":"<p>[vc_row type=\u00bbin_container\u00bb full_screen_row_position=\u00bbmiddle\u00bb column_margin=\u00bbdefault\u00bb column_direction=\u00bbdefault\u00bb column_direction_tablet=\u00bbdefault\u00bb column_direction_phone=\u00bbdefault\u00bb scene_position=\u00bbcenter\u00bb text_color=\u00bbdark\u00bb text_align=\u00bbleft\u00bb row_border_radius=\u00bbnone\u00bb row_border_radius_applies=\u00bbbg\u00bb overlay_strength=\u00bb0.3&#8243; gradient_direction=\u00bbleft_to_right\u00bb shape_divider_position=\u00bbbottom\u00bb bg_image_animation=\u00bbnone\u00bb][vc_column column_padding=\u00bbno-extra-padding\u00bb column_padding_tablet=\u00bbinherit\u00bb column_padding_phone=\u00bbinherit\u00bb column_padding_position=\u00bball\u00bb column_element_spacing=\u00bbdefault\u00bb background_color_opacity=\u00bb1&#8243; background_hover_color_opacity=\u00bb1&#8243; column_shadow=\u00bbnone\u00bb column_border_radius=\u00bbnone\u00bb column_link_target=\u00bb_self\u00bb gradient_direction=\u00bbleft_to_right\u00bb overlay_strength=\u00bb0.3&#8243; width=\u00bb1\/1&#8243; tablet_width_inherit=\u00bbdefault\u00bb&#8230;<\/p>\n","protected":false},"author":2,"featured_media":0,"parent":0,"menu_order":0,"comment_status":"closed","ping_status":"closed","template":"","meta":[],"_links":{"self":[{"href":"https:\/\/safeblood.pt\/es\/wp-json\/wp\/v2\/pages\/75719"}],"collection":[{"href":"https:\/\/safeblood.pt\/es\/wp-json\/wp\/v2\/pages"}],"about":[{"href":"https:\/\/safeblood.pt\/es\/wp-json\/wp\/v2\/types\/page"}],"author":[{"embeddable":true,"href":"https:\/\/safeblood.pt\/es\/wp-json\/wp\/v2\/users\/2"}],"replies":[{"embeddable":true,"href":"https:\/\/safeblood.pt\/es\/wp-json\/wp\/v2\/comments?post=75719"}],"version-history":[{"count":3,"href":"https:\/\/safeblood.pt\/es\/wp-json\/wp\/v2\/pages\/75719\/revisions"}],"predecessor-version":[{"id":76367,"href":"https:\/\/safeblood.pt\/es\/wp-json\/wp\/v2\/pages\/75719\/revisions\/76367"}],"wp:attachment":[{"href":"https:\/\/safeblood.pt\/es\/wp-json\/wp\/v2\/media?parent=75719"}],"curies":[{"name":"wp","href":"https:\/\/api.w.org\/{rel}","templated":true}]}}