{"id":75707,"date":"2024-05-05T19:10:25","date_gmt":"2024-05-05T17:10:25","guid":{"rendered":"https:\/\/safeblood.pt\/?page_id=75707"},"modified":"2024-05-14T08:29:41","modified_gmt":"2024-05-14T06:29:41","slug":"mapa-de-donantes-de-sangre","status":"publish","type":"page","link":"https:\/\/safeblood.pt\/es\/mapa-de-donantes-de-sangre\/","title":{"rendered":"Mapa de donantes de sangre"},"content":{"rendered":"[vc_row type=\u00bbin_container\u00bb full_screen_row_position=\u00bbmiddle\u00bb column_margin=\u00bbdefault\u00bb column_direction=\u00bbdefault\u00bb column_direction_tablet=\u00bbdefault\u00bb column_direction_phone=\u00bbdefault\u00bb scene_position=\u00bbcenter\u00bb text_color=\u00bbdark\u00bb text_align=\u00bbleft\u00bb row_border_radius=\u00bbnone\u00bb row_border_radius_applies=\u00bbbg\u00bb overlay_strength=\u00bb0.3&#8243; gradient_direction=\u00bbleft_to_right\u00bb shape_divider_position=\u00bbbottom\u00bb bg_image_animation=\u00bbnone\u00bb][vc_column column_padding=\u00bbno-extra-padding\u00bb column_padding_tablet=\u00bbinherit\u00bb column_padding_phone=\u00bbinherit\u00bb column_padding_position=\u00bball\u00bb top_margin=\u00bb-20&#8243; column_element_spacing=\u00bbdefault\u00bb background_color_opacity=\u00bb1&#8243; background_hover_color_opacity=\u00bb1&#8243; column_shadow=\u00bbnone\u00bb column_border_radius=\u00bbnone\u00bb column_link_target=\u00bb_self\u00bb gradient_direction=\u00bbleft_to_right\u00bb overlay_strength=\u00bb0.3&#8243; width=\u00bb1\/1&#8243; tablet_width_inherit=\u00bbdefault\u00bb tablet_text_alignment=\u00bbdefault\u00bb phone_text_alignment=\u00bbdefault\u00bb bg_image_animation=\u00bbnone\u00bb border_type=\u00bbsimple\u00bb column_border_width=\u00bbnone\u00bb column_border_style=\u00bbsolid\u00bb][vc_column_text]\n<p class=\"p1\">En esta p\u00e1gina puedes buscar un donante de sangre no vacunado compatible en todo el mundo. Por ahora, solo encontrar\u00e1s miembros de SafeBlood Donation, subdivididos en <strong>Safeblood International (<a href=\"https:\/\/safeblood.net\/es\/\" target=\"_blank\" rel=\"noopener\"><span class=\"s1\">safeblood.net<\/span><\/a><\/strong> o safeblood.tudominio de pa\u00eds, por ejemplo, <a href=\"https:\/\/safeblood.es\/es\/\" target=\"_blank\" rel=\"noopener\"><span class=\"s1\">safeblood.es<\/span><\/a>), para miembros en cualquier parte del mundo excepto en Estados Unidos, y <strong>SafeBlood USA (<a href=\"https:\/\/safeblood.com\/\" target=\"_blank\" rel=\"noopener\"><span class=\"s1\">safeblood.com<\/span><\/a>)<\/strong>, exclusivamente para Estados Unidos.<br \/>\nEn una etapa posterior, incluiremos a miembros de otros servicios de donaci\u00f3n de sangre no vacunados si desean aparecer en esta lista tambi\u00e9n. Cuando hagas clic en un posible donante en el mapa, ver\u00e1s la afiliaci\u00f3n con esa organizaci\u00f3n.<\/p>\n<p class=\"p1\">Si eres miembro de SafeBlood, encontrar\u00e1s un mapa de b\u00fasqueda de sangre m\u00e1s refinado y r\u00e1pido en tu \u00e1rea de miembro <a href=\"https:\/\/safeblood.net\/es\/solicitar-un-donante-de-sangre\/\" target=\"_blank\" rel=\"noopener\">aqu\u00ed<\/a>, que tambi\u00e9n te permitir\u00e1 solicitar un donante de sangre directamente desde esta p\u00e1gina, con un tiempo de respuesta de solo unas pocas horas. L\u00f3gicamente, solo se muestran en esta p\u00e1gina los miembros de SafeBlood como donantes compatibles con una solicitud de contacto directo. Sin embargo, los no miembros tambi\u00e9n pueden utilizar esta p\u00e1gina de b\u00fasqueda; ofrece ligeramente m\u00e1s opciones y permite, por ejemplo, buscar por pa\u00eds o todos los grupos sangu\u00edneos al mismo tiempo, mientras sigue mostrando resultados de todas las asociaciones participantes.<\/p>\n[\/vc_column_text][\/vc_column][\/vc_row][vc_row type=\u00bbin_container\u00bb full_screen_row_position=\u00bbmiddle\u00bb column_margin=\u00bbdefault\u00bb column_direction=\u00bbdefault\u00bb column_direction_tablet=\u00bbdefault\u00bb column_direction_phone=\u00bbdefault\u00bb scene_position=\u00bbcenter\u00bb text_color=\u00bbdark\u00bb text_align=\u00bbleft\u00bb row_border_radius=\u00bbnone\u00bb row_border_radius_applies=\u00bbbg\u00bb overlay_strength=\u00bb0.3&#8243; gradient_direction=\u00bbleft_to_right\u00bb shape_divider_position=\u00bbbottom\u00bb bg_image_animation=\u00bbnone\u00bb][vc_column column_padding=\u00bbno-extra-padding\u00bb column_padding_tablet=\u00bbinherit\u00bb column_padding_phone=\u00bbinherit\u00bb column_padding_position=\u00bball\u00bb top_margin=\u00bb-20&#8243; column_element_spacing=\u00bbdefault\u00bb background_color_opacity=\u00bb1&#8243; background_hover_color_opacity=\u00bb1&#8243; column_shadow=\u00bbnone\u00bb column_border_radius=\u00bbnone\u00bb column_link_target=\u00bb_self\u00bb gradient_direction=\u00bbleft_to_right\u00bb overlay_strength=\u00bb0.3&#8243; width=\u00bb1\/1&#8243; tablet_width_inherit=\u00bbdefault\u00bb tablet_text_alignment=\u00bbdefault\u00bb phone_text_alignment=\u00bbdefault\u00bb bg_image_animation=\u00bbnone\u00bb border_type=\u00bbsimple\u00bb column_border_width=\u00bbnone\u00bb column_border_style=\u00bbsolid\u00bb][vc_column_text]<a name=\"sbusms\"><\/a><div class=\"safeblood-us-map-search-form\"><form action=\"#sbusms\" method=\"post\"><div class=\"sbusms-blood-type-container\"><div class=\"sbusms-blood-type-label\"><h2>Tu tipo de sangre<\/h2><\/div><div class=\"sbusms-blood-type-options\"><div><button type=\"button\" data-blood-type=\"0-\">O-<\/button><\/div><div><button type=\"button\" data-blood-type=\"0+\">O+<\/button><\/div><div><button type=\"button\" data-blood-type=\"A-\">A-<\/button><\/div><div><button type=\"button\" data-blood-type=\"A+\">A+<\/button><\/div><div><button type=\"button\" data-blood-type=\"B-\">B-<\/button><\/div><div><button type=\"button\" data-blood-type=\"B+\">B+<\/button><\/div><div><button type=\"button\" data-blood-type=\"AB-\">AB-<\/button><\/div><div><button type=\"button\" data-blood-type=\"AB+\" class=\"bt-selected\" >AB+<\/button><\/div><script>\r\n(function($) {\r\njQuery('.sbusms-blood-type-options button').on('click', function() {\r\njQuery('.sbusms-blood-type-options [name=blood_type]').val(jQuery(this).attr('data-blood-type'));\r\njQuery('.sbusms-blood-type-options button').removeClass('bt-selected');\r\njQuery(this).addClass('bt-selected');\r\nsafebloodMapGetData();\r\n});\r\njQuery(document).on('click', '.sbusms-submit-button', function(e) {\r\nsafebloodMapGetData();return false;\r\n});\r\n})(jQuery);\r\n<\/script>\r\n<input type=\"hidden\" name=\"blood_type\" value=\"AB+\" \/><\/div><\/div><div class=\"sbusms-location-container\"><div class=\"sbusms-location-label\"><h2>Tu localizaci\u00f3n<\/h2><\/div><div class=\"sbusms-location-wrap\"><input id=\"sbusms-user-location\" name=\"user_location\" placeholder=\"Tipo y  selecci\u00f3n de ciudad\" value=\"\">\r\n<input type=\"hidden\" id=\"sbusms-user-lat\" name=\"user_lat\" value=\"\" \/>\r\n<input type=\"hidden\" id=\"sbusms-user-lng\" name=\"user_lng\" value=\"\" \/>\r\n<\/div><script>\r\n(function($) {\r\nsbusms_autocomplete('sbusms-user-location', 'sbusms-user-lat', 'sbusms-user-lng');\r\n})(jQuery);\r\n<\/script>\r\n<div class=\"sbusms-submit-wrap\"><input type=\"submit\" class=\"sbusms-submit-button\" name=\"safeblood_us_map_search\" value=\"Buscar\" \/><\/div><\/div><\/form><\/div><div class=\"safeblood-us-map-search-result\"><div id=\"safeblood-map\"><\/div><div class=\"small-text\">Mostrando coincidencias compatibles con su grupo sangu\u00edneo. Las ubicaciones son aproximadas.<\/div><\/div><script>\r\nvar sbMapContainer = document.getElementById('safeblood-map');\r\nsbMapContainer.style = 'height:58vH;';\r\nvar sbMap = L.map(sbMapContainer);\r\nL.tileLayer('https:\/\/{s}.tile.osm.org\/{z}\/{x}\/{y}.png', {}).addTo(sbMap);\r\nvar sbMapCenter = L.latLng('39.833333', '-48.583333');\r\nsbMap.setView(sbMapCenter, 2)\r\nvar markers = L.layerGroup();function safebloodMapGetData() {\r\nvar postData = {\r\n'blood_type': jQuery('input[name=blood_type]').val(),\r\n'user_lat': jQuery('input[name=user_lat]').val(),\r\n'user_lng': jQuery('input[name=user_lng]').val(),\r\n};\r\njQuery.ajax({\r\ntype: 'post',\r\nurl: '\/wp-admin\/admin-ajax.php',\r\ndata: {action: 'safeblood_map_search_data', postData},\r\nsuccess: function(response) {\r\nif (postData.user_lat && postData.user_lng) {\r\nvar sbMapCenter = L.latLng(postData.user_lat, postData.user_lng);\r\nsbMap.setView(sbMapCenter, 10)\r\n} else {\r\nvar sbMapCenter = L.latLng('39.833333', '-48.583333');\r\nsbMap.setView(sbMapCenter, 2)\r\n}\r\nresponse = JSON.parse(response);\r\nif (response.errors) {\r\nresponse.errors.forEach(function (error) {\r\nconsole.log(error);\r\n});\r\n}\r\nif (response.markers) {\r\nmarkers.clearLayers();\r\nresponse.markers.forEach(function (item) {\r\nvar marker = L.marker([item.lat, item.lng]);\r\nmarker.bindPopup(item.popup);\r\nmarker.addTo(markers);\r\n});\r\nsbMap.addLayer(markers);\r\n}\r\n}\r\n});\r\n}\r\nsafebloodMapGetData();\r\n<\/script>\r\n[\/vc_column_text][\/vc_column][\/vc_row]\n","protected":false},"excerpt":{"rendered":"<p>[vc_row type=\u00bbin_container\u00bb full_screen_row_position=\u00bbmiddle\u00bb column_margin=\u00bbdefault\u00bb column_direction=\u00bbdefault\u00bb column_direction_tablet=\u00bbdefault\u00bb column_direction_phone=\u00bbdefault\u00bb scene_position=\u00bbcenter\u00bb text_color=\u00bbdark\u00bb text_align=\u00bbleft\u00bb row_border_radius=\u00bbnone\u00bb row_border_radius_applies=\u00bbbg\u00bb overlay_strength=\u00bb0.3&#8243; gradient_direction=\u00bbleft_to_right\u00bb shape_divider_position=\u00bbbottom\u00bb bg_image_animation=\u00bbnone\u00bb][vc_column column_padding=\u00bbno-extra-padding\u00bb column_padding_tablet=\u00bbinherit\u00bb column_padding_phone=\u00bbinherit\u00bb column_padding_position=\u00bball\u00bb top_margin=\u00bb-20&#8243; column_element_spacing=\u00bbdefault\u00bb background_color_opacity=\u00bb1&#8243; background_hover_color_opacity=\u00bb1&#8243; column_shadow=\u00bbnone\u00bb column_border_radius=\u00bbnone\u00bb column_link_target=\u00bb_self\u00bb gradient_direction=\u00bbleft_to_right\u00bb overlay_strength=\u00bb0.3&#8243; width=\u00bb1\/1&#8243;&#8230;<\/p>\n","protected":false},"author":2,"featured_media":0,"parent":0,"menu_order":0,"comment_status":"closed","ping_status":"closed","template":"","meta":[],"_links":{"self":[{"href":"https:\/\/safeblood.pt\/es\/wp-json\/wp\/v2\/pages\/75707"}],"collection":[{"href":"https:\/\/safeblood.pt\/es\/wp-json\/wp\/v2\/pages"}],"about":[{"href":"https:\/\/safeblood.pt\/es\/wp-json\/wp\/v2\/types\/page"}],"author":[{"embeddable":true,"href":"https:\/\/safeblood.pt\/es\/wp-json\/wp\/v2\/users\/2"}],"replies":[{"embeddable":true,"href":"https:\/\/safeblood.pt\/es\/wp-json\/wp\/v2\/comments?post=75707"}],"version-history":[{"count":3,"href":"https:\/\/safeblood.pt\/es\/wp-json\/wp\/v2\/pages\/75707\/revisions"}],"predecessor-version":[{"id":76046,"href":"https:\/\/safeblood.pt\/es\/wp-json\/wp\/v2\/pages\/75707\/revisions\/76046"}],"wp:attachment":[{"href":"https:\/\/safeblood.pt\/es\/wp-json\/wp\/v2\/media?parent=75707"}],"curies":[{"name":"wp","href":"https:\/\/api.w.org\/{rel}","templated":true}]}}