{"id":75639,"date":"2024-05-05T16:06:08","date_gmt":"2024-05-05T14:06:08","guid":{"rendered":"https:\/\/safeblood.pt\/?page_id=75639"},"modified":"2026-02-23T17:26:11","modified_gmt":"2026-02-23T16:26:11","slug":"contactos","status":"publish","type":"page","link":"https:\/\/safeblood.pt\/es\/contactos\/","title":{"rendered":"Contactos"},"content":{"rendered":"[vc_row type=\u00bbin_container\u00bb full_screen_row_position=\u00bbmiddle\u00bb column_margin=\u00bbdefault\u00bb column_direction=\u00bbdefault\u00bb column_direction_tablet=\u00bbdefault\u00bb column_direction_phone=\u00bbdefault\u00bb scene_position=\u00bbcenter\u00bb text_color=\u00bbdark\u00bb text_align=\u00bbleft\u00bb row_border_radius=\u00bbnone\u00bb row_border_radius_applies=\u00bbbg\u00bb overlay_strength=\u00bb0.3&#8243; gradient_direction=\u00bbleft_to_right\u00bb shape_divider_position=\u00bbbottom\u00bb bg_image_animation=\u00bbnone\u00bb][vc_column column_padding=\u00bbno-extra-padding\u00bb column_padding_tablet=\u00bbinherit\u00bb column_padding_phone=\u00bbinherit\u00bb column_padding_position=\u00bball\u00bb column_element_spacing=\u00bbdefault\u00bb background_color_opacity=\u00bb1&#8243; background_hover_color_opacity=\u00bb1&#8243; column_shadow=\u00bbnone\u00bb column_border_radius=\u00bbnone\u00bb column_link_target=\u00bb_self\u00bb gradient_direction=\u00bbleft_to_right\u00bb overlay_strength=\u00bb0.3&#8243; width=\u00bb1\/2&#8243; tablet_width_inherit=\u00bbdefault\u00bb tablet_text_alignment=\u00bbdefault\u00bb phone_text_alignment=\u00bbdefault\u00bb bg_image_animation=\u00bbnone\u00bb border_type=\u00bbsimple\u00bb column_border_width=\u00bbnone\u00bb column_border_style=\u00bbsolid\u00bb][vc_column_text]<strong>Env\u00edanos un correo electr\u00f3nico a la direcci\u00f3n respectiva de tu pa\u00eds.<\/strong><\/p>\n<h3><strong>EUROPA<\/strong><\/h3>\n<p><b>Alemania \u00a0<\/b><a href=\"mailto:info@safeblood.de\">info@safeblood.de<\/a><br \/>\n<a class=\"mail-link\" href=\"mailto:infoBAYERN@safeblood.de\" target=\"_blank\" rel=\"noopener\" data-enc-email=\"vasbONLREA[at]fnsroybbq.qr\" data-wpel-link=\"ignore\"><span id=\"eeb-7052-290224\">infoBAYERN@safeblood.de<\/span><\/a><br \/>\n<a class=\"mail-link\" href=\"mailto:infoBERLIN@safeblood.de\" target=\"_blank\" rel=\"noopener\" data-enc-email=\"vasbOREYVA[at]fnsroybbq.qr\" data-wpel-link=\"ignore\"><span id=\"eeb-585898-60682\">infoBERLIN@safeblood.de<\/span><\/a><br \/>\n<a class=\"mail-link\" href=\"mailto:infoBW@safeblood.de\" target=\"_blank\" rel=\"noopener\" data-enc-email=\"vasbOJ[at]fnsroybbq.qr\" data-wpel-link=\"ignore\"><span id=\"eeb-339519-82311\">infoBW@safeblood.de<\/span><\/a><br \/>\n<a href=\"mailto:infoHESSEN@safeblood.de\" target=\"_blank\" rel=\"noopener\">infoHESSEN@safeblood.de<\/a><br \/>\n<a class=\"mail-link\" href=\"mailto:infoOstdeutschland@safeblood.de\" target=\"_blank\" rel=\"noopener\" data-enc-email=\"vasbBfgqrhgfpuynaq[at]fnsroybbq.qr\" data-wpel-link=\"ignore\"><span id=\"eeb-765971-961851\">infoOstdeutschland@safeblood.de<\/span><\/a><br \/>\n<a class=\"mail-link\" href=\"mailto:infoNRW@safeblood.de\" target=\"_blank\" rel=\"noopener\" data-enc-email=\"vasbAEJ[at]fnsroybbq.qr\" data-wpel-link=\"ignore\"><span id=\"eeb-143359-513817\">infoNRW@safeblood.de<\/span><\/a><br \/>\n<em>Telegram:<\/em> <a href=\"https:\/\/t.me\/SafeBlood\" target=\"_blank\" rel=\"noopener\">https:\/\/t.me\/SafeBlood<\/a><br \/>\n<a href=\"https:\/\/safeblood.de\/location\/news-aus-den-laendern\/deutschland\/\" target=\"_blank\" rel=\"noopener\">https:\/\/safeblood.de\/location\/news-aus-den-laendern\/deutschland\/<\/a><\/p>\n<p><strong>Austria \u00a0\u00a0<\/strong><a href=\"mailto:info@safeblood.at\">info@safeblood.at<\/a><br \/>\n<em>Telegram:<\/em> <a href=\"https:\/\/t.me\/SafeBlood\" target=\"_blank\" rel=\"noopener\">https:\/\/t.me\/SafeBlood<\/a><\/p>\n<p><strong>B\u00e9lgica \u00a0<\/strong><a href=\"mailto:info@safeblood.be\">info@safeblood.be<\/a><\/p>\n<p><strong>Dinamarca \u00a0<\/strong><a href=\"mailto:info@safeblood.dk\" target=\"_blank\" rel=\"noopener\">info@safeblood.dk<\/a><br \/>\n<a href=\"https:\/\/safeblood.dk\/en\/location\/news-from-the-countries\/denmark\/\" target=\"_blank\" rel=\"noopener\">https:\/\/safeblood.dk\/en\/location\/news-from-the-countries\/denmark\/<\/a><\/p>\n<p><strong>Espa\u00f1a\u00a0\u00a0<\/strong> <a href=\"mailto:info@safeblood.es\" target=\"_blank\" rel=\"noopener\">info@safeblood.es<\/a><br \/>\n<a href=\"https:\/\/safeblood.es\/en\/location\/news-from-the-countries\/espana\/\" target=\"_blank\" rel=\"noopener\">https:\/\/safeblood.es\/en\/location\/news-from-the-countries\/espana\/<\/a><\/p>\n<p><strong>Finlandia\u00a0 \u00a0<\/strong><a href=\"mailto:info@safeblood.fi\" target=\"_blank\" rel=\"noopener\">info@safeblood.fi<\/a><br \/>\n<a href=\"https:\/\/safeblood.fi\/en\/location\/news-from-the-countries\/finland\/\" target=\"_blank\" rel=\"noopener\">https:\/\/safeblood.fi\/en\/location\/news-from-the-countries\/finland\/<\/a><\/p>\n<p><strong>Francia\u00a0 \u00a0<\/strong><a href=\"mailto:info@safeblood.fr\">info@safeblood.fr<\/a><br \/>\n<a href=\"https:\/\/safeblood.fr\/en\/location\/news-from-the-countries\/france\/\" target=\"_blank\" rel=\"noopener\">https:\/\/safeblood.fr\/en\/location\/news-from-the-countries\/france\/<\/a><\/p>\n<p><strong>Italia\u00a0 \u00a0<\/strong><a href=\"mailto:info@safeblood.it\">info@safeblood.it<\/a><br \/>\n<a href=\"https:\/\/safeblood.it\/en\/location\/news-from-the-countries\/italy\/\" target=\"_blank\" rel=\"noopener\">https:\/\/safeblood.it\/en\/location\/news-from-the-countries\/italy\/<\/a><\/p>\n<p><strong>Luxemburgo\u00a0 \u00a0<\/strong><a href=\"mailto:info@safeblood.lu\">info@safeblood.lu<\/a><\/p>\n<p><strong>Noruega \u00a0<\/strong><a href=\"mailto:info@safeblood.net\" target=\"_blank\" rel=\"noopener\">info@safeblood.net<\/a><br \/>\n<a href=\"https:\/\/safeblood.net\/en\/location\/news-from-the-countries\/norway\/\" target=\"_blank\" rel=\"noopener\">https:\/\/safeblood.net\/en\/location\/news-from-the-countries\/norway\/<\/a><\/p>\n<p><strong>Pa\u00edses Bajos \u00a0 \u00a0<\/strong><a href=\"mailto:info@safeblood.nl\">info@safeblood.nl<\/a><br \/>\n<em> Telegram 1:<\/em> <a href=\"https:\/\/t.me\/+Tkp05awJf_hhZjNk\" target=\"_blank\" rel=\"noopener\">https:\/\/t.me\/+Tkp05awJf_hhZjNk<\/a><br \/>\n<em> Telegram 2:<\/em> <a href=\"https:\/\/t.me\/+Ubkn69qP0C4yZTk0\" target=\"_blank\" rel=\"noopener\">https:\/\/t.me\/+Ubkn69qP0C4yZTk0<\/a><br \/>\n<a href=\"https:\/\/safeblood.nl\/nl\/location\/nieuws-uit-de-landen\/nederland\/\" target=\"_blank\" rel=\"noopener\">https:\/\/safeblood.nl\/nl\/location\/nieuws-uit-de-landen\/nederland\/<\/a><\/p>\n<p><strong>Polonia \u00a0<\/strong><a href=\"mailto:info@safeblood.pl\">info@safeblood.pl<\/a><\/p>\n<p><strong>Portugal<\/strong>\u00a0 \u00a0<a href=\"mailto:info@safeblood.pt\">info@safeblood.pt<\/a><br \/>\n<a href=\"https:\/\/safeblood.pt\/en\/location\/news-from-the-countries\/portugal\/\" target=\"_blank\" rel=\"noopener\">https:\/\/safeblood.pt\/en\/location\/news-from-the-countries\/portugal\/<\/a><\/p>\n<p><strong>Reino Unido<\/strong>\u00a0 <a href=\"mailto:info@safeblood.uk\">info@safeblood.uk<\/a><br \/>\n<em>Telegram:<\/em> <a href=\"https:\/\/t.me\/safeblood_en\" target=\"_blank\" rel=\"noopener\">https:\/\/t.me\/safeblood_en<\/a><br \/>\n<a href=\"https:\/\/safeblood.uk\/en\/location\/news-from-the-countries\/united-kingdom\/\" target=\"_blank\" rel=\"noopener\">https:\/\/safeblood.uk\/en\/location\/news-from-the-countries\/united-kingdom\/<\/a><\/p>\n<p><strong>Rumania<\/strong>\u00a0 \u00a0<a href=\"mailto:info@safeblood.ro\" target=\"_blank\" rel=\"noopener\">info@safeblood.ro<\/a><\/p>\n<p><strong>Serbia<\/strong>\u00a0 \u00a0<a href=\"mailto:info@safeblood.rs\" target=\"_blank\" rel=\"noopener\">info@safeblood.rs<\/a><br \/>\n<em>Telegram:<\/em> <a href=\"https:\/\/t.me\/safeblood_srbija\" target=\"_blank\" rel=\"noopener\">https:\/\/t.me\/safeblood_srbija<\/a><br \/>\n<a href=\"https:\/\/safeblood.rs\/en\/location\/news-from-the-countries\/serbia\/\" target=\"_blank\" rel=\"noopener\">https:\/\/safeblood.rs\/en\/location\/news-from-the-countries\/serbia\/<\/a><\/p>\n<p><strong>Suecia <\/strong>\u00a0\u00a0<a href=\"mailto:info@safeblood.se\" target=\"_blank\" rel=\"noopener\">info@safeblood.se<\/a><br \/>\n<a href=\"https:\/\/safeblood.se\/en\/location\/news-from-the-countries\/sweden\/\" target=\"_blank\" rel=\"noopener\">https:\/\/safeblood.se\/en\/location\/news-from-the-countries\/sweden\/<\/a><\/p>\n<p><strong>Suiza\u00a0 \u00a0<\/strong><a href=\"mailto:info@safeblood.ch\">info@safeblood.ch<\/a><br \/>\n<em>Telegram:<\/em> <a href=\"https:\/\/t.me\/SafeBlood\" target=\"_blank\" rel=\"noopener\">https:\/\/t.me\/SafeBlood<\/a><br \/>\n<a href=\"https:\/\/safeblood.pt\/location\/noticias-de-los-paises\/schweiz\/\" target=\"_blank\" rel=\"noopener\">https:\/\/safeblood.pt\/location\/news-aus-den-laendern\/schweiz\/<\/a><br \/>\n<a href=\"https:\/\/safeblood.pt\/it\/location\/news-from-the-countries\/svizzera-italiana-en\/\" target=\"_blank\" rel=\"noopener\">https:\/\/safeblood.pt\/en\/location\/news-from-the-countries\/svizzera-italiana-en\/<\/a><br \/>\n<a href=\"https:\/\/safeblood.pt\/en\/location\/news-from-the-countries\/suisse-romande-en\/\" target=\"_blank\" rel=\"noopener\">https:\/\/safeblood.pt\/en\/location\/news-from-the-countries\/suisse-romande-en\/<\/a>[\/vc_column_text][\/vc_column][vc_column column_padding=\u00bbno-extra-padding\u00bb column_padding_tablet=\u00bbinherit\u00bb column_padding_phone=\u00bbinherit\u00bb column_padding_position=\u00bball\u00bb column_element_spacing=\u00bbdefault\u00bb background_color_opacity=\u00bb1&#8243; background_hover_color_opacity=\u00bb1&#8243; column_shadow=\u00bbnone\u00bb column_border_radius=\u00bbnone\u00bb column_link_target=\u00bb_self\u00bb gradient_direction=\u00bbleft_to_right\u00bb overlay_strength=\u00bb0.3&#8243; width=\u00bb1\/2&#8243; tablet_width_inherit=\u00bbdefault\u00bb tablet_text_alignment=\u00bbdefault\u00bb phone_text_alignment=\u00bbdefault\u00bb bg_image_animation=\u00bbnone\u00bb border_type=\u00bbsimple\u00bb column_border_width=\u00bbnone\u00bb column_border_style=\u00bbsolid\u00bb][vc_column_text]\n<h3><strong>AM\u00c9RICAS<\/strong><\/h3>\n<p><strong>Canad\u00e1\u00a0\u00a0 \u00a0<\/strong><a href=\"mailto:info@safeblood.ca\" target=\"_blank\" rel=\"noopener\">info@safeblood.ca<\/a><br \/>\n<em>Telegram:<\/em> <a href=\"https:\/\/t.me\/SafeBlood_Canada\" target=\"_blank\" rel=\"noopener\">https:\/\/t.me\/SafeBlood_Canada<\/a><br \/>\n<a href=\"https:\/\/safeblood.ca\/en\/location\/news-from-the-countries\/canada\/\" target=\"_blank\" rel=\"noopener\">https:\/\/safeblood.ca\/en\/location\/news-from-the-countries\/canada\/<\/a><\/p>\n<p><strong>EE. UU. \u00a0 \u00a0<\/strong><a href=\"mailto:info@safeblood.com\">info@safeblood.com<\/a><br \/>\n<em>por regi\u00f3n o departamento:<\/em><br \/>\n<strong>Consultas generales<\/strong>:<br \/>\nNoreste: <a class=\"mail-link\" href=\"mailto:info.northeast@safeblood.com\" target=\"_blank\" rel=\"noopener\" data-enc-email=\"vasb.abegurnfg[at]fnsroybbq.hf\" data-wpel-link=\"ignore\"><span id=\"eeb-66893-433315\">info.northeast@safeblood.com<\/span><\/a><br \/>\nSureste: <a class=\"mail-link\" href=\"mailto:info.southeast@safeblood.com\" target=\"_blank\" rel=\"noopener\" data-enc-email=\"vasb.fbhgurnfg[at]fnsroybbq.hf\" data-wpel-link=\"ignore\"><span id=\"eeb-770098-591841\">info.southeast@safeblood.com<\/span><\/a><br \/>\nMedio oeste: <a class=\"mail-link\" href=\"mailto:info.midwest@safeblood.com\" target=\"_blank\" rel=\"noopener\" data-enc-email=\"vasb.zvqjrfg[at]fnsroybbq.hf\" data-wpel-link=\"ignore\"><span id=\"eeb-168766-856205\">info.midwest@safeblood.com<\/span><\/a><br \/>\nSudoeste: <a class=\"mail-link\" href=\"mailto:info.southwest@safeblood.com\" target=\"_blank\" rel=\"noopener\" data-enc-email=\"vasb.fbhgujrfg[at]fnsroybbq.hf\" data-wpel-link=\"ignore\"><span id=\"eeb-730858-302935\">info.southwest@safeblood.com<\/span><\/a><br \/>\nOeste: <a class=\"mail-link\" href=\"mailto:info.west@safeblood.com\" target=\"_blank\" rel=\"noopener\" data-enc-email=\"vasb.jrfg[at]fnsroybbq.hf\" data-wpel-link=\"ignore\"><span id=\"eeb-971308-472110\">info.west@safeblood.com<\/span><\/a><br \/>\nTerritorios del Atl\u00e1ntico y Pac\u00edfico de EE. UU: <a class=\"mail-link\" href=\"mailto:info.territories@safeblood.com\" target=\"_blank\" rel=\"noopener\" data-enc-email=\"vasb.greevgbevrf[at]fnsroybbq.hf\" data-wpel-link=\"ignore\"><span id=\"eeb-870676-6320\">info.territories@safeblood.com<\/span><\/a><br \/>\nPara <strong>consultas de media<\/strong>\u00a0 \u00a0<a href=\"mailto:media@safeblood.com\" target=\"_blank\" rel=\"noopener\">media@safeblood.com<\/a><br \/>\nDirector de relaciones con los medios: Clinton Ohlers (<a href=\"mailto:rco@safeblood.us\" target=\"_blank\" rel=\"noopener\">rco@safeblood.us<\/a>)<br \/>\nRelaciones con <strong>socios m\u00e9dicos<\/strong>: <a class=\"mail-link\" href=\"mailto:medicalpartner@safeblood.com\" target=\"_blank\" rel=\"noopener\" data-enc-email=\"zrqvpnycnegare[at]fnsroybbq.hf\" data-wpel-link=\"ignore\"><span id=\"eeb-233512-706717\">medicalpartner@safeblood.com<\/span><\/a><br \/>\n<strong>Problemas t\u00e9cnicos<\/strong>: <a href=\"mailto:support@safeblood.com\" target=\"_blank\" rel=\"noopener\">support@safeblood.com<\/a><br \/>\n<em>Telegram:<\/em> <a href=\"https:\/\/t.me\/safeblood_en\" target=\"_blank\" rel=\"noopener\">https:\/\/t.me\/safeblood_en<\/a><br \/>\n<a href=\"https:\/\/safeblood.net\/en\/location\/news-from-the-countries\/usa\/\" target=\"_blank\" rel=\"noopener\">https:\/\/safeblood.net\/en\/location\/news-from-the-countries\/usa\/<\/a><br \/>\n<em>X &#8211; Twitter:\u00a0<\/em> <a href=\"https:\/\/twitter.com\/Safe_Blood3\" target=\"_blank\" rel=\"noopener\">https:\/\/twitter.com\/Safe_Blood3<\/a><\/p>\n<p><strong>Isla Bermuda \u00a0 \u00a0<\/strong><a href=\"mailto:info.bermuda@safeblood.net\" target=\"_blank\" rel=\"noopener\">info.bermuda@safeblood.net<\/a><br \/>\n<a href=\"https:\/\/safeblood.net\/en\/location\/news-from-the-countries\/bermuda\/\" target=\"_blank\" rel=\"noopener\">https:\/\/safeblood.net\/en\/location\/news-from-the-countries\/bermuda\/<\/a><\/p>\n<p><strong>M\u00e9xico\u00a0\u00a0 \u00a0<\/strong><a href=\"mailto:info@safeblood.mx\">info@safeblood.mx<\/a><br \/>\n<a href=\"https:\/\/safeblood.mx\/en\/location\/news-from-the-countries\/mexico\/\" target=\"_blank\" rel=\"noopener\">https:\/\/safeblood.mx\/en\/location\/news-from-the-countries\/mexico\/<\/a><\/p>\n<h3><strong>AUSTRALIA\/OCEAN\u00cdA<\/strong><\/h3>\n<p><strong>Australia\u00a0 \u00a0<\/strong><a href=\"mailto:info@safeblood.au\">info@safeblood.au<\/a><br \/>\n<a href=\"https:\/\/safeblood.au\/en\/location\/news-from-the-countries\/australia\/\" target=\"_blank\" rel=\"noopener\">https:\/\/safeblood.au\/en\/location\/news-from-the-countries\/australia\/<\/a><\/p>\n<p><strong>Nueva Zelanda \u00a0 \u00a0<\/strong><a href=\"mailto:info@safeblood.nz\" target=\"_blank\" rel=\"noopener\">info@safeblood.nz<\/a><br \/>\n<a href=\"https:\/\/safeblood.nz\/en\/location\/news-from-the-countries\/new-zealand\/\" target=\"_blank\" rel=\"noopener\">https:\/\/safeblood.nz\/en\/location\/news-from-the-countries\/new-zealand\/<\/a><\/p>\n<h3>\u00c1FRICA<\/h3>\n<p><strong>toda \u00c1FRICA \u00a0 \u00a0<\/strong><a href=\"mailto:kay@safeblood.africa\">kay@safeblood.africa<\/a><br \/>\n<strong>Kenia \u00a0<\/strong><a class=\"mail-link\" href=\"mailto:officeKE@safeblood.africa\" target=\"_blank\" rel=\"noopener\" data-enc-email=\"bssvprXR[at]fnsroybbq.nsevpn\" data-wpel-link=\"ignore\"><span id=\"eeb-347554-90830\">officeKE@safeblood.africa<\/span><\/a><br \/>\n<strong>Uganda \u00a0<\/strong><a class=\"mail-link\" href=\"mailto:officeUG@safeblood.africa\" target=\"_blank\" rel=\"noopener\" data-enc-email=\"bssvprHT[at]fnsroybbq.nsevpn\" data-wpel-link=\"ignore\"><span id=\"eeb-950875-826892\">officeUG@safeblood.africa<\/span><\/a><br \/>\n<strong>Sud\u00e1frica\u00a0\u00a0 <\/strong><span id=\"eeb-65887-707788\"><\/span><a class=\"mail-link\" href=\"mailto:officeZA@safeblood.africa\" target=\"_blank\" rel=\"noopener\" data-enc-email=\"bssvprMN[at]fnsroybbq.nsevpn\" data-wpel-link=\"ignore\"><span id=\"eeb-794271-9453\">officeZA@safeblood.africa<\/span><\/a><br \/>\n<strong>Zambia\u00a0<\/strong> <a class=\"mail-link\" href=\"mailto:officeZM@safeblood.africa\" target=\"_blank\" rel=\"noopener\" data-enc-email=\"bssvprMZ[at]fnsroybbq.nsevpn\" data-wpel-link=\"ignore\"><span id=\"eeb-65887-707788\">officeZM@safeblood.africa<\/span><\/a><\/p>\n<p><em>Telegram:<\/em> <a href=\"https:\/\/t.me\/safeblood_en\" target=\"_blank\" rel=\"noopener\">https:\/\/t.me\/safeblood_en<\/a><br \/>\n<a href=\"https:\/\/safeblood.africa\/en\/location\/news-from-the-countries\/africa\/\" target=\"_blank\" rel=\"noopener\">https:\/\/safeblood.africa\/en\/location\/news-from-the-countries\/africa\/<\/a><\/p>\n<h3>ASIA<\/h3>\n<p><strong>todo ASIA<\/strong>\u00a0 \u00a0<a href=\"mailto:info@safeblood.asia\">info@safeblood.asia<\/a><\/p>\n<p><strong>China<\/strong>\u00a0 \u00a0<a href=\"mailto:info@safeblood.cn\" target=\"_blank\" rel=\"noopener\">info@safeblood.cn<\/a><\/p>\n<p><strong>Filipinas<\/strong> \u00a0<a href=\"mailto:info@safeblood.ph\" target=\"_blank\" rel=\"noopener\">info@safeblood.ph<\/a><br \/>\n<a href=\"https:\/\/safeblood.ph\/en\/location\/news-from-the-countries\/philippines\/\" target=\"_blank\" rel=\"noopener\">https:\/\/safeblood.ph\/en\/location\/news-from-the-countries\/philippines\/<\/a><\/p>\n<p><strong>India<\/strong>\u00a0 \u00a0 <a href=\"mailto:info@safeblood.in\" target=\"_blank\" rel=\"noopener\">info@safeblood.in<\/a><\/p>\n<p><strong>Jap\u00f3n<\/strong> \u00a0<a href=\"mailto:info@safeblood.jp\" target=\"_blank\" rel=\"noopener\">info@safeblood.jp<\/a><\/p>\n<p><strong>Tailandia<\/strong> \u00a0<a href=\"mailto:info@safeblood.in.th\" target=\"_blank\" rel=\"noopener\">info@safeblood.in.th<\/a><br \/>\n<a href=\"https:\/\/safeblood.in.th\/en\/location\/news-from-the-countries\/thailand\/\" target=\"_blank\" rel=\"noopener\">https:\/\/safeblood.in.th\/en\/location\/news-from-the-countries\/thailand\/<\/a><\/p>\n<h3>Todos los dem\u00e1s pa\u00edses:<br \/>\n<a href=\"mailto:info@safeblood.net\">info@safeblood.net<\/a><\/h3>\n<p>m\u00e1s opciones de contacto en \u00ab<a href=\"https:\/\/safeblood.net\/es\/imprint-and-privacy-policy\/\" target=\"_blank\" rel=\"noopener\">Acerca de nosotros<\/a>\u00ab[\/vc_column_text][\/vc_column][\/vc_row]\n","protected":false},"excerpt":{"rendered":"<p>[vc_row type=\u00bbin_container\u00bb full_screen_row_position=\u00bbmiddle\u00bb column_margin=\u00bbdefault\u00bb column_direction=\u00bbdefault\u00bb column_direction_tablet=\u00bbdefault\u00bb column_direction_phone=\u00bbdefault\u00bb scene_position=\u00bbcenter\u00bb text_color=\u00bbdark\u00bb text_align=\u00bbleft\u00bb row_border_radius=\u00bbnone\u00bb row_border_radius_applies=\u00bbbg\u00bb overlay_strength=\u00bb0.3&#8243; gradient_direction=\u00bbleft_to_right\u00bb shape_divider_position=\u00bbbottom\u00bb bg_image_animation=\u00bbnone\u00bb][vc_column column_padding=\u00bbno-extra-padding\u00bb column_padding_tablet=\u00bbinherit\u00bb column_padding_phone=\u00bbinherit\u00bb column_padding_position=\u00bball\u00bb column_element_spacing=\u00bbdefault\u00bb background_color_opacity=\u00bb1&#8243; background_hover_color_opacity=\u00bb1&#8243; column_shadow=\u00bbnone\u00bb column_border_radius=\u00bbnone\u00bb column_link_target=\u00bb_self\u00bb gradient_direction=\u00bbleft_to_right\u00bb overlay_strength=\u00bb0.3&#8243; width=\u00bb1\/2&#8243; tablet_width_inherit=\u00bbdefault\u00bb&#8230;<\/p>\n","protected":false},"author":2,"featured_media":0,"parent":0,"menu_order":0,"comment_status":"closed","ping_status":"closed","template":"","meta":[],"_links":{"self":[{"href":"https:\/\/safeblood.pt\/es\/wp-json\/wp\/v2\/pages\/75639"}],"collection":[{"href":"https:\/\/safeblood.pt\/es\/wp-json\/wp\/v2\/pages"}],"about":[{"href":"https:\/\/safeblood.pt\/es\/wp-json\/wp\/v2\/types\/page"}],"author":[{"embeddable":true,"href":"https:\/\/safeblood.pt\/es\/wp-json\/wp\/v2\/users\/2"}],"replies":[{"embeddable":true,"href":"https:\/\/safeblood.pt\/es\/wp-json\/wp\/v2\/comments?post=75639"}],"version-history":[{"count":5,"href":"https:\/\/safeblood.pt\/es\/wp-json\/wp\/v2\/pages\/75639\/revisions"}],"predecessor-version":[{"id":81787,"href":"https:\/\/safeblood.pt\/es\/wp-json\/wp\/v2\/pages\/75639\/revisions\/81787"}],"wp:attachment":[{"href":"https:\/\/safeblood.pt\/es\/wp-json\/wp\/v2\/media?parent=75639"}],"curies":[{"name":"wp","href":"https:\/\/api.w.org\/{rel}","templated":true}]}}